{"id":120,"date":"2023-07-05T19:32:48","date_gmt":"2023-07-05T19:32:48","guid":{"rendered":"http:\/\/projetoexecutivo.com.br\/?page_id=120"},"modified":"2024-03-23T11:43:50","modified_gmt":"2024-03-23T11:43:50","slug":"nossos-cursos","status":"publish","type":"page","link":"https:\/\/projetoexecutivo.com.br\/?page_id=120","title":{"rendered":"Nossos Cursos"},"content":{"rendered":"\n\n\n\n\n\n\n\n\n\n\n\n<p>Masp &#8211; metodologia de an\u00e1lise e solu\u00e7\u00e3o de problemas<\/p>\n\n\n\n\n\n\n<p>Capacite sua equipe no MASP &#8211; Metodologia de An\u00e1lise e Solu\u00e7\u00e3o de Problemas.<\/p>\n<p>Curso essencial para os colaboradores que executam A\u00e7\u00f5es de Melhoria, A\u00e7\u00f5es Corretivas e A\u00e7\u00f5es Preventivas, dentro do Sistema de Gest\u00e3o da Qualidade de sua empresa.<\/p>\n<p>Para operadores, L\u00edderes, Supervisores, Analistas Assistentes e Gerentes.<\/p>\n<p>Curso completo In-Company com 8h de dura\u00e7\u00e3o com parte te\u00f3rica e exerc\u00edcios pr\u00e1ticos.<\/p>\n<p>Curso In-Company com investimento R$ 900,00 (para curso no Vale do A\u00e7o. Para outras localidades consulte valores).<\/p>\n\n\n\n\n\n\n\n<p>desempenadeira de rolos<\/p>\n\n\n\n\n\n\n<p>Chapas bem aplainadas fazem parte de uma demanda crescente do mercado e pode ser um diferencial para sua empresa de Servi\u00e7os e Processamento de a\u00e7o.<\/p>\n<p>Um aplainamento incompleto ou inadequado pode levar \u00e0 falha da pe\u00e7a j\u00e1 pronta, com o aparecimento de tens\u00f5es residuais, twist, ponta alta ou ponta&nbsp; baixa. Defeitos assim inviabilizam o processo subsequente e geram reclama\u00e7\u00f5es de cliente, perda de produtividade e perda de material.<\/p>\n<p>Capacite sua equipe no entendimento dos defeitos de planicidade em chapas, o processo na desempenadeira de rolos, defini\u00e7\u00e3o da capacidade da m\u00e1quina, cuidados operacionais e padroniza\u00e7\u00e3o.<\/p>\n<p>Curso completo In-Company com 8h de dura\u00e7\u00e3o com parte te\u00f3rica e parte pr\u00e1tica na \u00e1rea (Gemba), realizando os ajustes na m\u00e1quina com sua equipe.<\/p>\n<p>Curso In-Company com investimento R$ 1200,00 (para cursos no Vale do A\u00e7o. Para outras localidades consulte valores).<\/p>\n\n\n\n\n\n\n\n<p>lean six sigma yellow belt<\/p>\n\n\n\n\n\n\n<p>O Curso Lean Six Sigma Yellow Belt \u00e9 a etapa inicial de sua forma\u00e7\u00e3o Lean Six Sigma, a principal metodologia no mercado para solu\u00e7\u00e3o de Problemas de qualquer complexidade, originada no TPS &#8211; Sistema Toyota de Produ\u00e7\u00e3o.<\/p>\n<p>Aprenda sobre o uso de ferramentas estat\u00edsticas, sobre o software Minitab, sobre o ciclo DMAIC (Definir, Medir, Analisar, Melhorar e Controlar), 5S, SMED, Otimiza\u00e7\u00e3o de resultados, Padroniza\u00e7\u00e3o, PDCA, Poke-Yoke e muito mais!<\/p>\n<p>Curso com in\u00fameros exerc\u00edcios e exemplos pr\u00e1ticos sobre como iniciar, desenvolver e finalizar seu projeto de Melhoria ou A\u00e7\u00e3o Corretiva.<\/p>\n<p>Curso completo In-Company com 24h de dura\u00e7\u00e3o com parte te\u00f3rica e parte pr\u00e1tica, realizando projetos.<\/p>\n<p>Investimento R$ 750,00 por aluno (entre em contato para pre\u00e7os especiais para curso In-Company)<\/p>\n\n\n\n\n\n\n\n<p>Gerenciamento de projetos pmi<\/p>\n\n\n\n\n\n\n<p>O Curso de Gerenciamento de Projetos PMI desvenda todas as Melhores Pr\u00e1ticas do PMBoK do PMI &#8211; Project Management Institute.<\/p>\n<p>Aprenda sobre as 10 disciplinas do Gerenciamento de Projetos. Aprenda a criar e gerenciar Planos de Gerenciamento do Escopo, Tempo, Qualidade, Custos, Stakeholders e muito mais!<\/p>\n<p>Curso com in\u00fameros exerc\u00edcios e exemplos pr\u00e1ticos sobre como iniciar, desenvolver e finalizar seu projeto.<\/p>\n<p>Curso completo com 16h de dura\u00e7\u00e3o com parte te\u00f3rica e parte pr\u00e1tica, desenvolvendo plano de projetos.<\/p>\n<p>Investimento R$ 1200,00 por aluno (entre em contato para pre\u00e7os especiais para curso In-Company)<\/p>\n\n\n\n\n\n\n\n<p>Gerenciamento \u00c1gil de projetos (Scrum)<\/p>\n\n\n\n\n\n\n<p>O Curso de Gerenciamento \u00c1gil de Projetos SCRUM esclarece todas as principais t\u00e9cnicas para desenvolver projetos \u00c1geis e entregar mais VALOR em menor TEMPO.<\/p>\n<p>Aprenda sobre os Princ\u00edpios e Valores \u00c1geis, sobre os rituais para gerenciamento do projeto, os Artefatos para conduzir um projeto \u00c1gil Scrum e muito mais!<\/p>\n<p>Curso com in\u00fameros exerc\u00edcios e exemplos pr\u00e1ticos sobre como iniciar, desenvolver e finalizar seu projeto. Adequado para aqueles que desejam atuar como Scrum Master, como Product Owner ou Desenvolvedor.<\/p>\n<p>Curso completo com 16h de dura\u00e7\u00e3o com parte te\u00f3rica e parte pr\u00e1tica, desenvolvendo Sprints de projetos.<\/p>\n<p>Investimento R$ 1200,00 por aluno (entre em contato para pre\u00e7os especiais para curso In-Company)<\/p>\n\n\n\n\n\n\n\n<p>LAMINA\u00c7\u00c3O A FRIO DE INOXID\u00c1VEIS<\/p>\n\n\n\n\n\n\n<p>O Curso de LAMINA\u00c7\u00c3O A FRIO DE INOXID\u00c1VEIS aborda todas as etapas, equipamentos e suprimentos utilizados na lamina\u00e7\u00e3o a frio de inoxid\u00e1veis.<\/p>\n<p>Aprenda sobre o LAMINADOR SENDZIMIR, equipamento altamente complexo utilizado na lamina\u00e7\u00e3o dos A\u00e7os Inoxid\u00e1veis e A\u00e7os de Alta Resist\u00eancia na Industria Mundial!<\/p>\n<p>Curso inclui cap\u00edtulos sobre o equipamento, lubrifica\u00e7\u00e3o na lamina\u00e7\u00e3o, planicidade, defeitos e Outros Assuntos. Curso completo para entender o efeito dos processos anteriores e do processo de lamina\u00e7\u00e3o nos a\u00e7os.<\/p>\n<p>Curso completo com 2 M\u00f3dulos de 4h de dura\u00e7\u00e3o. Consulte sobre hor\u00e1rios especiais para equipes de turno da Aperam.<\/p>\n<p>Investimento dependente das condi\u00e7\u00f5es (entre em contato para pre\u00e7os especiais para curso In-Company)<\/p>\n\n\n\n\n\n\n\n<p>trilogia gerenciamento de projetos<\/p>\n\n\n\n\n\n\n<p>O conhecimento das t\u00e9cnicas, metodologias, frameworks e ferramentas de Gest\u00e3o de Projetos \u00e9 essencial para&nbsp; se diferenciar no mercado competitivo<\/p>\n<p>O curso TRILOGIA GERENCIAMENTO DE PROJETOS consiste de 3 cursos de fundamentos nas \u00e1reas de Gerenciamento de Projetos Tradicionais PMI, Gerenciamento de Projetos Lean Six Sigma e Gerenciamento de Projetos \u00c1geis Scrum, as 3 principais metodologias em evid\u00eancia no mercado.<\/p>\n<p>Curso te\u00f3rico + simula\u00e7\u00e3o de projeto real.<\/p>\n<p>Curso completo com 3 M\u00f3dulos de 4h de dura\u00e7\u00e3o para alunos de gradua\u00e7\u00e3o em engenharias, TI, administra\u00e7\u00e3o, etc.<\/p>\n<p>Curso gratuito para Institui\u00e7\u00f5es de Ensino Superior (entre em contato para agendamento)<\/p>\n\n\n\n\n\n\n\n\n","protected":false},"excerpt":{"rendered":"","protected":false},"author":1,"featured_media":0,"parent":0,"menu_order":0,"comment_status":"closed","ping_status":"closed","template":"","meta":{"footnotes":""},"class_list":["post-120","page","type-page","status-publish","hentry"],"_links":{"self":[{"href":"https:\/\/projetoexecutivo.com.br\/index.php?rest_route=\/wp\/v2\/pages\/120","targetHints":{"allow":["GET"]}}],"collection":[{"href":"https:\/\/projetoexecutivo.com.br\/index.php?rest_route=\/wp\/v2\/pages"}],"about":[{"href":"https:\/\/projetoexecutivo.com.br\/index.php?rest_route=\/wp\/v2\/types\/page"}],"author":[{"embeddable":true,"href":"https:\/\/projetoexecutivo.com.br\/index.php?rest_route=\/wp\/v2\/users\/1"}],"replies":[{"embeddable":true,"href":"https:\/\/projetoexecutivo.com.br\/index.php?rest_route=%2Fwp%2Fv2%2Fcomments&post=120"}],"version-history":[{"count":41,"href":"https:\/\/projetoexecutivo.com.br\/index.php?rest_route=\/wp\/v2\/pages\/120\/revisions"}],"predecessor-version":[{"id":217,"href":"https:\/\/projetoexecutivo.com.br\/index.php?rest_route=\/wp\/v2\/pages\/120\/revisions\/217"}],"wp:attachment":[{"href":"https:\/\/projetoexecutivo.com.br\/index.php?rest_route=%2Fwp%2Fv2%2Fmedia&parent=120"}],"curies":[{"name":"wp","href":"https:\/\/api.w.org\/{rel}","templated":true}]}}