{"id":35,"date":"2023-04-27T15:30:54","date_gmt":"2023-04-27T15:30:54","guid":{"rendered":"http:\/\/projetoexecutivo.com.br\/about\/"},"modified":"2024-04-10T10:06:41","modified_gmt":"2024-04-10T10:06:41","slug":"about","status":"publish","type":"page","link":"https:\/\/projetoexecutivo.com.br\/?page_id=35","title":{"rendered":"Info"},"content":{"rendered":"\n\n\n\n\n\n\n<h2>Sobre N\u00f3s<\/h2>\n\n<p>Especialista em Melhoria Cont\u00ednua, desenvolvimento de processos e produtos com 35 anos de experi\u00eancia na Aperam (anteriormente Acesita).<\/p>\n<p>Gerente de projetos PMP certificado pelo PMI, Lean Six Sigma Black Belt e Agile Scrum Master certificado pelo Scrum.org.<\/p>\n<p>Experi\u00eancia em lideran\u00e7a em in\u00fameros projetos de sucesso no desenvolvimento de processos, servi\u00e7os e produtos.<\/p>\n<p>Professor de MBA em Gerenciamento de Projetos no Unileste e Doctum. Professor de P\u00f3s-gradua\u00e7\u00e3o em Engenharia Metal\u00fargica no Unileste.<\/p>\n\n\n\n\n<h2>DEPOIMENTOS<\/h2>\n\n\n\n<p style=\"color: rgb(255, 255, 255);\">Aguarde<\/p>\n\n\n<p style=\"color: rgb(255, 255, 255);\">aguarde<\/p>\n\n\n<p>Aguarde<\/p>\n\n\n\n\n","protected":false},"excerpt":{"rendered":"","protected":false},"author":0,"featured_media":0,"parent":0,"menu_order":0,"comment_status":"closed","ping_status":"closed","template":"","meta":{"footnotes":""},"class_list":["post-35","page","type-page","status-publish","hentry"],"_links":{"self":[{"href":"https:\/\/projetoexecutivo.com.br\/index.php?rest_route=\/wp\/v2\/pages\/35","targetHints":{"allow":["GET"]}}],"collection":[{"href":"https:\/\/projetoexecutivo.com.br\/index.php?rest_route=\/wp\/v2\/pages"}],"about":[{"href":"https:\/\/projetoexecutivo.com.br\/index.php?rest_route=\/wp\/v2\/types\/page"}],"replies":[{"embeddable":true,"href":"https:\/\/projetoexecutivo.com.br\/index.php?rest_route=%2Fwp%2Fv2%2Fcomments&post=35"}],"version-history":[{"count":4,"href":"https:\/\/projetoexecutivo.com.br\/index.php?rest_route=\/wp\/v2\/pages\/35\/revisions"}],"predecessor-version":[{"id":233,"href":"https:\/\/projetoexecutivo.com.br\/index.php?rest_route=\/wp\/v2\/pages\/35\/revisions\/233"}],"wp:attachment":[{"href":"https:\/\/projetoexecutivo.com.br\/index.php?rest_route=%2Fwp%2Fv2%2Fmedia&parent=35"}],"curies":[{"name":"wp","href":"https:\/\/api.w.org\/{rel}","templated":true}]}}