{"id":37,"date":"2023-04-27T15:30:55","date_gmt":"2023-04-27T15:30:55","guid":{"rendered":"http:\/\/projetoexecutivo.com.br\/service\/"},"modified":"2024-04-10T10:07:30","modified_gmt":"2024-04-10T10:07:30","slug":"service","status":"publish","type":"page","link":"https:\/\/projetoexecutivo.com.br\/?page_id=37","title":{"rendered":"Servi\u00e7os"},"content":{"rendered":"\n\n\n<h2>NOSSOS SERVI\u00c7OS<\/h2>\n\n<p>Nossos servi\u00e7os incluem op\u00e7\u00f5es diversas para qualquer tipo e tamanho de empresa, seja uma empresa que quer formar sua equipe de projetos at\u00e9 uma empresa que deseja trabalhar com um Gerente de Projetos contratado.<\/p>\n\n\n\n\n<h1>Para sua empresa<\/h1>\n\n\n<h6>Desenvolva produtos com rapidez<\/h6>\n<p>Com a metodologia Scrum \u00c1gil sua equipe pode desbloquear todo o potencial para desenvolver produtos melhores e mais rapidamente!<\/p>\n\n\n<h2>Projetos PMI<\/h2>\n<h6>Estruturados e previs\u00edveis<\/h6>\n<p>Muitos projetos falham por falta de an\u00e1lise pr\u00e9via\/valida\u00e7\u00e3o ou por falhas no planejamento. Garanta o retorno de investimento com as Melhores Pr\u00e1ticas do PMI!<\/p>\n\n\n\n\n\n\n\n<h6>Melhoria Cont\u00ednua dos processos<\/h6>\n<p>Em qualquer neg\u00f3cio, ind\u00fastria, com\u00e9rcio ou servi\u00e7os a Melhoria Cont\u00ednua \u00e9 chave para a sobreviv\u00eancia. Inicie a jornada Lean Six Sigma em sua empresa.<\/p>\n\n\n\n\n\n\n<h2>NOSSAS ABORDAGENS<\/h2>\n\n\n\n<p><span style=\"font-family: Arial; font-size: 11pt; white-space: pre-wrap;\">O m\u00e9todo PMI\/PMO \u00e9 o mais completo no mercado. Baseado no guia PMBoK (Melhores Pr\u00e1ticas em Gerenciamento de Projetos) editado pelo PMI &#8211; Project Management Institute (EUA), \u00e9 o m\u00e9todo adotado pelas principais empresas de todo mundo quando se trata de projetos greenfield (instala\u00e7\u00f5es novas), brownfield (instala\u00e7\u00f5es existentes) ou qualquer outro tipo de projeto, desde o desenvolvimento de produtos, processos ou servi\u00e7os.<\/span><\/p><span style=\"color:#ffffff;\"><p dir=\"ltr\" style=\"line-height:1.38;margin-top:0pt;margin-bottom:0pt;\"><span style=\"font-size: 11pt; font-family: Arial; background-color: transparent; font-weight: 400; font-style: normal; font-variant: normal; text-decoration: none; vertical-align: baseline; white-space: pre-wrap;\">Muito completo e detalhado, envolve in\u00fameras \u00e1reas de conhecimento como gerenciamento do escopo, do tempo, das comunica\u00e7\u00f5es, dos custos e da qualidade, dentre outros, de modo a garantir o sucesso do empreendimento.<\/span><\/p><\/span><p><span id=\"docs-internal-guid-42c461cf-7fff-474f-8dc7-63906bb6bca5\"><\/span><br><\/p>\n\n\n<p><span style=\"font-family: Arial; font-size: 11pt; white-space: pre-wrap;\">A metodologia Lean \u00e9 derivada do TPS (Sistema Toyota de Produ\u00e7\u00e3o), cujos incr\u00edveis resultados s\u00e3o facilmente vis\u00edveis no sucesso e confiabilidade dos autom\u00f3veis Toyota. O sistema foi descrito pela primeira vez no livro \u201cA m\u00e1quina que mudou o mundo\u201d de James Womack.<\/span><br><\/p><span style=\"color:#ffffff;\"><p dir=\"ltr\" style=\"line-height:1.38;margin-top:0pt;margin-bottom:0pt;\"><span style=\"font-size: 11pt; font-family: Arial; background-color: transparent; font-weight: 400; font-style: normal; font-variant: normal; text-decoration: none; vertical-align: baseline; white-space: pre-wrap;\">O Lean envolve toda uma filosofia de trabalho que visa 2 resultados essenciais: a gera\u00e7\u00e3o de FLUXO DE VALOR e a redu\u00e7\u00e3o de DESPERD\u00cdCIOS. Para isto, in\u00fameras ferramentas s\u00e3o utilizadas, tais como o 5S, Kanban, VSM (Mapa de Fluxo de Valor), SMED, etc.<\/span>&nbsp;<\/p><\/span>\n\n\n<p><span style=\"font-family: Arial; font-size: 11pt; white-space: pre-wrap;\">O Agile n\u00e3o \u00e9 uma metodologia, mas um framework. Ou seja, n\u00e3o define regras e apenas aponta diretrizes na condu\u00e7\u00e3o dos projetos. Desenvolvido para a \u00e1rea de TI, hoje \u00e9 utilizado em todos os ramos, pois permite a condu\u00e7\u00e3o de um projeto leve, de forma altamente cooperativa e de resultados r\u00e1pidos.<\/span><\/p><span style=\"color:#ffffff;\"><span id=\"docs-internal-guid-1ad0d734-7fff-b61a-1dab-d4274ce7b942\"><p dir=\"ltr\" style=\"line-height:1.38;margin-top:0pt;margin-bottom:0pt;\"><span style=\"font-size: 11pt; font-family: Arial; font-variant-numeric: normal; font-variant-east-asian: normal; font-variant-alternates: normal; vertical-align: baseline; white-space: pre-wrap;\">Amplamente utilizado no mundo todo, exige a figura do SCRUM MASTER (que se dedica ao funcionamento do grupo e sua efici\u00eancia) e do PRODUCT OWNER (que se dedica ao gerenciamento do produto). Ambos, juntamente com o time (ou DESENVOLVEDORES), trabalham de forma incremental de curtos ciclos (ou SPRINTS) de modo a entregar valor em curtos intervalos de 1 m\u00eas ou menos).<\/span><\/p><div><\/div><\/span><\/span><span id=\"docs-internal-guid-1ad0d734-7fff-b61a-1dab-d4274ce7b942\"><div><span style=\"font-size: 11pt; font-family: Arial; color: rgb(0, 0, 0); font-variant-numeric: normal; font-variant-east-asian: normal; font-variant-alternates: normal; vertical-align: baseline; white-space: pre-wrap;\"><br><\/span><\/div><\/span>\n\n\n\n\n\n\n\n\n\n\n\n\n\n\n\n\n\n\n\n\n\n\n\n\n\n\n\n\n\n\n","protected":false},"excerpt":{"rendered":"","protected":false},"author":0,"featured_media":0,"parent":0,"menu_order":0,"comment_status":"closed","ping_status":"closed","template":"","meta":{"footnotes":""},"class_list":["post-37","page","type-page","status-publish","hentry"],"_links":{"self":[{"href":"https:\/\/projetoexecutivo.com.br\/index.php?rest_route=\/wp\/v2\/pages\/37","targetHints":{"allow":["GET"]}}],"collection":[{"href":"https:\/\/projetoexecutivo.com.br\/index.php?rest_route=\/wp\/v2\/pages"}],"about":[{"href":"https:\/\/projetoexecutivo.com.br\/index.php?rest_route=\/wp\/v2\/types\/page"}],"replies":[{"embeddable":true,"href":"https:\/\/projetoexecutivo.com.br\/index.php?rest_route=%2Fwp%2Fv2%2Fcomments&post=37"}],"version-history":[{"count":5,"href":"https:\/\/projetoexecutivo.com.br\/index.php?rest_route=\/wp\/v2\/pages\/37\/revisions"}],"predecessor-version":[{"id":235,"href":"https:\/\/projetoexecutivo.com.br\/index.php?rest_route=\/wp\/v2\/pages\/37\/revisions\/235"}],"wp:attachment":[{"href":"https:\/\/projetoexecutivo.com.br\/index.php?rest_route=%2Fwp%2Fv2%2Fmedia&parent=37"}],"curies":[{"name":"wp","href":"https:\/\/api.w.org\/{rel}","templated":true}]}}